{"id":91,"date":"2020-11-17T14:33:47","date_gmt":"2020-11-17T13:33:47","guid":{"rendered":"http:\/\/www.preprod.ibs.bzh\/www\/?page_id=91"},"modified":"2021-02-11T15:02:17","modified_gmt":"2021-02-11T14:02:17","slug":"materiels","status":"publish","type":"page","link":"https:\/\/www.preprod.ibs.bzh\/www\/materiels\/","title":{"rendered":"Mat\u00e9riels"},"content":{"rendered":"\n\t<section class=\"section\" id=\"section_1008301693\">\n\t\t<div class=\"bg section-bg fill bg-fill  bg-loaded\" >\n\n\t\t\t\n\t\t\t\n\t\t\t\n\n\t\t<\/div>\n\n\t\t<div class=\"section-content relative\">\n\t\t\t\n\n\n  <div class=\"banner has-hover\" id=\"banner-510281028\">\n          <div class=\"banner-inner fill\">\n        <div class=\"banner-bg fill\" >\n            <div class=\"bg fill bg-fill \"><\/div>\n                                    \n                    <\/div>\n        <div class=\"banner-layers container\">\n            <div class=\"fill banner-link\"><\/div>            \n\n   <div id=\"text-box-1094964272\" class=\"text-box banner-layer x95 md-x95 lg-x95 y85 md-y85 lg-y85 res-text\">\n                                <div class=\"text dark\">\n              \n              <div class=\"text-inner text-center\">\n                  \n\n<h2 style=\"text-align: center;\">MAT\u00c9RIEL INFORMATIQUE<\/h2>\n\n              <\/div>\n           <\/div>\n                            \n<style>\n#text-box-1094964272 {\n  width: 86%;\n}\n#text-box-1094964272 .text {\n  font-size: 100%;\n}\n<\/style>\n    <\/div>\n \n\n        <\/div>\n      <\/div>\n\n            \n<style>\n#banner-510281028 {\n  padding-top: 245px;\n}\n#banner-510281028 .bg.bg-loaded {\n  background-image: url(https:\/\/www.preprod.ibs.bzh\/www\/wp-content\/uploads\/2021\/02\/poste-de-travail-slide-ibs-informatique-quimper-1024x683.jpg);\n}\n<\/style>\n  <\/div>\n\n\n<div class=\"row row-collapse row-full-width align-middle\"  id=\"row-854591610\">\n\n\n\t<div id=\"col-1206386673\" class=\"col medium-12 small-12 large-6\"  >\n\t\t<div class=\"col-inner\"  >\n\t\t\t\n\t\t\t\n\n<div class=\"row\"  id=\"row-2131456859\">\n\n\n\t<div id=\"col-1065264883\" class=\"col small-12 large-12\"  >\n\t\t<div class=\"col-inner\"  >\n\t\t\t\n\t\t\t\n\n<div class=\"text-center\"><div class=\"is-divider divider clearfix\" style=\"margin-top:10px;margin-bottom:10px;max-width:336px;background-color:rgb(111, 166, 212);\"><\/div><\/div>\n\n<p><strong>Depuis plus de 20 ans,\u00a0notre soci\u00e9t\u00e9 vous\u00a0propose\u00a0\u00a0une gamme de\u00a0mat\u00e9riels informatique d\u00e9di\u00e9es aux\u00a0professionnels.<\/strong><\/p>\n<p>\u2283 Postes de travail<\/p>\n<p>\u2283 Portables et solutions de mobilit\u00e9<\/p>\n<p>\u2283 Moniteurs p\u00e9riph\u00e9riques<\/p>\n<p>\u2283 Impression consommables<\/p>\n<p>\u2283 Serveurs, stockage<\/p>\n<p>\u2283 R\u00e9seaux, connectique<\/p>\n<div class=\"text-center\"><div class=\"is-divider divider clearfix\" style=\"margin-top:10px;margin-bottom:10px;max-width:336px;background-color:rgb(111, 166, 212);\"><\/div><\/div>\n\n\n\t\t<\/div>\n\t\t\n<style>\n#col-1065264883 > .col-inner {\n  padding: 0px 0px 0px 0px;\n  margin: 0 0px 0px 0px;\n}\n@media (min-width:550px) {\n  #col-1065264883 > .col-inner {\n    margin: -111px 0px -96px 0px;\n  }\n}\n<\/style>\n\t<\/div>\n\n\t\n\n\n<style>\n#row-2131456859 > .col > .col-inner {\n  padding: 5% 5% 5% 5%;\n}\n@media (min-width:550px) {\n  #row-2131456859 > .col > .col-inner {\n    padding: 10% 10% 10% 10%;\n  }\n}\n@media (min-width:850px) {\n  #row-2131456859 > .col > .col-inner {\n    padding: 15% 15% 15% 15%;\n  }\n}\n<\/style>\n<\/div>\n\n\t\t<\/div>\n\t\t\t<\/div>\n\n\t\n\n\t<div id=\"col-188645420\" class=\"col medium-12 small-12 large-6\"  >\n\t\t<div class=\"col-inner\"  >\n\t\t\t\n\t\t\t\n\n\n  <div class=\"banner has-hover\" id=\"banner-320073203\">\n          <div class=\"banner-inner fill\">\n        <div class=\"banner-bg fill\" >\n            <div class=\"bg fill bg-fill \"><\/div>\n                                    \n                    <\/div>\n        <div class=\"banner-layers container\">\n            <div class=\"fill banner-link\"><\/div>            \n\n\n        <\/div>\n      <\/div>\n\n            \n<style>\n#banner-320073203 {\n  padding-top: 50%;\n}\n#banner-320073203 .bg.bg-loaded {\n  background-image: url(https:\/\/www.preprod.ibs.bzh\/www\/wp-content\/uploads\/2021\/02\/poste-de-travail2-slide-ibs-informatique-quimper-1024x683.jpg);\n}\n@media (min-width:850px) {\n  #banner-320073203 {\n    padding-top: 68%;\n  }\n}\n<\/style>\n  <\/div>\n\n\n\n\t\t<\/div>\n\t\t\t<\/div>\n\n\t\n\n<\/div>\n\n\t\t<\/div>\n\n\t\t\n<style>\n#section_1008301693 {\n  padding-top: 0px;\n  padding-bottom: 0px;\n}\n<\/style>\n\t<\/section>\n\t\n\t<section class=\"section\" id=\"section_405197436\">\n\t\t<div class=\"bg section-bg fill bg-fill  bg-loaded\" >\n\n\t\t\t\n\t\t\t\n\t\t\t\n\n\t\t<\/div>\n\n\t\t<div class=\"section-content relative\">\n\t\t\t\n\n<div class=\"text-center\"><div class=\"is-divider divider clearfix\" style=\"margin-top:6.4px;margin-bottom:6.4px;max-width:336px;height:4px;background-color:rgb(111, 166, 212);\"><\/div><\/div>\n\n<div class=\"row row-collapse row-full-width\"  id=\"row-338501365\">\n\n\n\t<div id=\"col-1180696495\" class=\"col medium-4 small-12 large-4\"  >\n\t\t<div class=\"col-inner\"  >\n\t\t\t\n\t\t\t\n\n\t<div class=\"box has-hover   has-hover box-shade dark box-text-bottom\" >\n\n\t\t<div class=\"box-image\" >\n\t\t\t\t\t\t<div class=\"image-overlay-add image-zoom-long image-cover\" style=\"padding-top:120%;\">\n\t\t\t\t<img width=\"1920\" height=\"1279\" src=\"https:\/\/www.preprod.ibs.bzh\/www\/wp-content\/uploads\/2021\/02\/imprimante-ibs-informatique.jpg\" class=\"attachment- size-\" alt=\"\" loading=\"lazy\" srcset=\"https:\/\/www.preprod.ibs.bzh\/www\/wp-content\/uploads\/2021\/02\/imprimante-ibs-informatique.jpg 1920w, https:\/\/www.preprod.ibs.bzh\/www\/wp-content\/uploads\/2021\/02\/imprimante-ibs-informatique-300x200.jpg 300w, https:\/\/www.preprod.ibs.bzh\/www\/wp-content\/uploads\/2021\/02\/imprimante-ibs-informatique-1024x682.jpg 1024w, https:\/\/www.preprod.ibs.bzh\/www\/wp-content\/uploads\/2021\/02\/imprimante-ibs-informatique-768x512.jpg 768w, https:\/\/www.preprod.ibs.bzh\/www\/wp-content\/uploads\/2021\/02\/imprimante-ibs-informatique-1536x1023.jpg 1536w\" sizes=\"(max-width: 1920px) 100vw, 1920px\" \/>\t\t\t\t<div class=\"overlay\" style=\"background-color:rgba(0, 0, 0, 0.5)\"><\/div>\t\t\t\t<div class=\"shade\"><\/div>\t\t\t<\/div>\n\t\t\t\t\t<\/div>\n\n\t\t<div class=\"box-text text-left is-large\" style=\"padding:0px 40px 40px 40px;\">\n\t\t\t<div class=\"box-text-inner\">\n\t\t\t\t\n\n<h2>Texte contenu<\/h2>\n\n\t\t\t<\/div>\n\t\t<\/div>\n\t<\/div>\n\t\n\n\t\t<\/div>\n\t\t\t<\/div>\n\n\t\n\n\t<div id=\"col-809242345\" class=\"col medium-4 small-12 large-4\"  >\n\t\t<div class=\"col-inner\"  >\n\t\t\t\n\t\t\t\n\n\t<div class=\"box has-hover   has-hover box-shade dark box-text-bottom\" >\n\n\t\t<div class=\"box-image\" >\n\t\t\t\t\t\t<div class=\"image-overlay-add image-zoom-long image-cover\" style=\"padding-top:120%;\">\n\t\t\t\t<img width=\"1280\" height=\"960\" src=\"https:\/\/www.preprod.ibs.bzh\/www\/wp-content\/uploads\/2021\/02\/reseau-serveur-ibs-informatique.jpg\" class=\"attachment- size-\" alt=\"\" loading=\"lazy\" srcset=\"https:\/\/www.preprod.ibs.bzh\/www\/wp-content\/uploads\/2021\/02\/reseau-serveur-ibs-informatique.jpg 1280w, https:\/\/www.preprod.ibs.bzh\/www\/wp-content\/uploads\/2021\/02\/reseau-serveur-ibs-informatique-300x225.jpg 300w, https:\/\/www.preprod.ibs.bzh\/www\/wp-content\/uploads\/2021\/02\/reseau-serveur-ibs-informatique-1024x768.jpg 1024w, https:\/\/www.preprod.ibs.bzh\/www\/wp-content\/uploads\/2021\/02\/reseau-serveur-ibs-informatique-768x576.jpg 768w\" sizes=\"(max-width: 1280px) 100vw, 1280px\" \/>\t\t\t\t<div class=\"overlay\" style=\"background-color:rgba(0, 0, 0, 0.5)\"><\/div>\t\t\t\t<div class=\"shade\"><\/div>\t\t\t<\/div>\n\t\t\t\t\t<\/div>\n\n\t\t<div class=\"box-text text-left is-large\" style=\"padding:0px 40px 40px 40px;\">\n\t\t\t<div class=\"box-text-inner\">\n\t\t\t\t\n\n<h2>Texte contenu<\/h2>\n\n\t\t\t<\/div>\n\t\t<\/div>\n\t<\/div>\n\t\n\n\t\t<\/div>\n\t\t\t<\/div>\n\n\t\n\n\t<div id=\"col-15707819\" class=\"col medium-4 small-12 large-4\"  >\n\t\t<div class=\"col-inner\"  >\n\t\t\t\n\t\t\t\n\n\t<div class=\"box has-hover   has-hover box-shade dark box-text-bottom\" >\n\n\t\t<div class=\"box-image\" >\n\t\t\t\t\t\t<div class=\"image-overlay-add image-zoom-long image-cover\" style=\"padding-top:120%;\">\n\t\t\t\t<img width=\"1280\" height=\"854\" src=\"https:\/\/www.preprod.ibs.bzh\/www\/wp-content\/uploads\/2021\/02\/moniteur-serveur-ibs-informatique.jpg\" class=\"attachment- size-\" alt=\"\" loading=\"lazy\" srcset=\"https:\/\/www.preprod.ibs.bzh\/www\/wp-content\/uploads\/2021\/02\/moniteur-serveur-ibs-informatique.jpg 1280w, https:\/\/www.preprod.ibs.bzh\/www\/wp-content\/uploads\/2021\/02\/moniteur-serveur-ibs-informatique-300x200.jpg 300w, https:\/\/www.preprod.ibs.bzh\/www\/wp-content\/uploads\/2021\/02\/moniteur-serveur-ibs-informatique-1024x683.jpg 1024w, https:\/\/www.preprod.ibs.bzh\/www\/wp-content\/uploads\/2021\/02\/moniteur-serveur-ibs-informatique-768x512.jpg 768w\" sizes=\"(max-width: 1280px) 100vw, 1280px\" \/>\t\t\t\t<div class=\"overlay\" style=\"background-color:rgba(0, 0, 0, 0.5)\"><\/div>\t\t\t\t<div class=\"shade\"><\/div>\t\t\t<\/div>\n\t\t\t\t\t<\/div>\n\n\t\t<div class=\"box-text text-left is-large\" style=\"padding:0px 40px 40px 40px;\">\n\t\t\t<div class=\"box-text-inner\">\n\t\t\t\t\n\n<h2>Texte contenu<\/h2>\n\n\t\t\t<\/div>\n\t\t<\/div>\n\t<\/div>\n\t\n\n\t\t<\/div>\n\t\t\t<\/div>\n\n\t\n\n<\/div>\n\n\t\t<\/div>\n\n\t\t\n<style>\n#section_405197436 {\n  padding-top: 0px;\n  padding-bottom: 0px;\n}\n<\/style>\n\t<\/section>\n\t\n\n","protected":false},"excerpt":{"rendered":"","protected":false},"author":2,"featured_media":0,"parent":0,"menu_order":0,"comment_status":"closed","ping_status":"closed","template":"page-blank.php","meta":[],"_links":{"self":[{"href":"https:\/\/www.preprod.ibs.bzh\/www\/wp-json\/wp\/v2\/pages\/91"}],"collection":[{"href":"https:\/\/www.preprod.ibs.bzh\/www\/wp-json\/wp\/v2\/pages"}],"about":[{"href":"https:\/\/www.preprod.ibs.bzh\/www\/wp-json\/wp\/v2\/types\/page"}],"author":[{"embeddable":true,"href":"https:\/\/www.preprod.ibs.bzh\/www\/wp-json\/wp\/v2\/users\/2"}],"replies":[{"embeddable":true,"href":"https:\/\/www.preprod.ibs.bzh\/www\/wp-json\/wp\/v2\/comments?post=91"}],"version-history":[{"count":14,"href":"https:\/\/www.preprod.ibs.bzh\/www\/wp-json\/wp\/v2\/pages\/91\/revisions"}],"predecessor-version":[{"id":890,"href":"https:\/\/www.preprod.ibs.bzh\/www\/wp-json\/wp\/v2\/pages\/91\/revisions\/890"}],"wp:attachment":[{"href":"https:\/\/www.preprod.ibs.bzh\/www\/wp-json\/wp\/v2\/media?parent=91"}],"curies":[{"name":"wp","href":"https:\/\/api.w.org\/{rel}","templated":true}]}}