{"id":616,"date":"2021-01-28T17:39:27","date_gmt":"2021-01-28T16:39:27","guid":{"rendered":"http:\/\/www.preprod.ibs.bzh\/www\/reparation-automobile-2-copy\/"},"modified":"2021-02-11T14:58:37","modified_gmt":"2021-02-11T13:58:37","slug":"negoce-2","status":"publish","type":"page","link":"https:\/\/www.preprod.ibs.bzh\/www\/negoce-2\/","title":{"rendered":"N\u00e9goce"},"content":{"rendered":"\n<div class=\"slider-wrapper relative\" id=\"slider-2126013752\" >\n    <div class=\"slider slider-nav-circle slider-nav-large slider-nav-light slider-style-normal\"\n        data-flickity-options='{\n            \"cellAlign\": \"center\",\n            \"imagesLoaded\": true,\n            \"lazyLoad\": 1,\n            \"freeScroll\": false,\n            \"wrapAround\": true,\n            \"autoPlay\": 6000,\n            \"pauseAutoPlayOnHover\" : true,\n            \"prevNextButtons\": true,\n            \"contain\" : true,\n            \"adaptiveHeight\" : true,\n            \"dragThreshold\" : 10,\n            \"percentPosition\": true,\n            \"pageDots\": true,\n            \"rightToLeft\": false,\n            \"draggable\": true,\n            \"selectedAttraction\": 0.1,\n            \"parallax\" : 0,\n            \"friction\": 0.6        }'\n        >\n        \n\n\n  <div class=\"banner has-hover\" id=\"banner-1832379518\">\n          <div class=\"banner-inner fill\">\n        <div class=\"banner-bg fill\" >\n            <div class=\"bg fill bg-fill \"><\/div>\n                                    \n                    <\/div>\n        <div class=\"banner-layers container\">\n            <div class=\"fill banner-link\"><\/div>            \n\n   <div id=\"text-box-458859408\" class=\"text-box banner-layer x50 md-x50 lg-x50 y95 md-y5 lg-y5 res-text\">\n              <div data-parallax=\"-3\" data-parallax-fade=\"true\">                  <div class=\"text \">\n              \n              <div class=\"text-inner text-left\">\n                  \n\n<h3 class=\"uppercase\" style=\"text-align: center;\"><span data-text-color=\"primary\"><strong>N\u00c9GOCE<br \/><\/strong><\/span><\/h3>\n\n              <\/div>\n           <\/div>\n              <\/div>              \n<style>\n#text-box-458859408 .text {\n  background-color: rgba(255, 255, 255, 0.797);\n  font-size: 100%;\n}\n#text-box-458859408 .text-inner {\n  padding: 30px 30px 30px 30px;\n}\n#text-box-458859408 {\n  width: 90%;\n}\n@media (min-width:550px) {\n  #text-box-458859408 {\n    width: 34%;\n  }\n}\n<\/style>\n    <\/div>\n \n\n        <\/div>\n      <\/div>\n\n            \n<style>\n#banner-1832379518 {\n  padding-top: 250px;\n}\n#banner-1832379518 .bg.bg-loaded {\n  background-image: url(https:\/\/www.preprod.ibs.bzh\/www\/wp-content\/uploads\/2021\/01\/market-3272368_1920.jpg);\n}\n#banner-1832379518 .bg {\n  background-position: 62% 60%;\n}\n@media (min-width:550px) {\n  #banner-1832379518 {\n    padding-top: 400px;\n  }\n}\n<\/style>\n  <\/div>\n\n\n\n  <div class=\"banner has-hover\" id=\"banner-805901321\">\n          <div class=\"banner-inner fill\">\n        <div class=\"banner-bg fill\" >\n            <div class=\"bg fill bg-fill \"><\/div>\n                                    \n                    <\/div>\n        <div class=\"banner-layers container\">\n            <div class=\"fill banner-link\"><\/div>            \n\n   <div id=\"text-box-1584280112\" class=\"text-box banner-layer x5 md-x5 lg-x5 y90 md-y50 lg-y50 res-text\">\n                                <div class=\"text box-shadow-1\">\n              \n              <div class=\"text-inner text-left\">\n                  \n\n<h6>A smaller header<\/h6>\n<h3 class=\"uppercase\">Add Some Corporate Header Here<\/h3>\n<p>Lorem ipsum dolor sit amet, consectetuer adipiscing elit, sed diam nonummy nibh euismod tincidunt ut laoreet dolore magna aliquam erat volutpat&#8230;.<\/p>\n<a class=\"button primary\"  >\n    <span>A button<\/span>\n  <\/a>\n\n\n\n              <\/div>\n           <\/div>\n                            \n<style>\n#text-box-1584280112 .text {\n  background-color: rgba(255, 255, 255, 0.94);\n  font-size: 100%;\n}\n#text-box-1584280112 .text-inner {\n  padding: 30px 30px 30px 30px;\n}\n#text-box-1584280112 {\n  width: 88%;\n}\n@media (min-width:550px) {\n  #text-box-1584280112 {\n    width: 50%;\n  }\n}\n<\/style>\n    <\/div>\n \n\n        <\/div>\n      <\/div>\n\n            \n<style>\n#banner-805901321 {\n  padding-top: 637px;\n}\n#banner-805901321 .bg.bg-loaded {\n  background-image: 7232;\n}\n#banner-805901321 .bg {\n  background-position: 62% 68%;\n}\n<\/style>\n  <\/div>\n\n\n\n     <\/div>\n\n     <div class=\"loading-spin dark large centered\"><\/div>\n\n     <\/div>\n\n\n\t<div id=\"gap-314658414\" class=\"gap-element clearfix\" style=\"display:block; height:auto;\">\n\t\t\n<style>\n#gap-314658414 {\n  padding-top: 30px;\n}\n<\/style>\n\t<\/div>\n\t\n\n  <div id=\"page-header-1170532037\" class=\"page-header-wrapper\">\n  <div class=\"page-title dark featured-title\">\n\n    \n    <div class=\"page-title-inner container align-center text-center flex-row-col medium-flex-wrap\" >\n              <div class=\"title-wrapper flex-col\">\n          <h1 class=\"entry-title mb-0\">\n            LOGICIEL SAGE APIN\u00c9GOCE          <\/h1>\n        <\/div>\n                    <div class=\"title-content flex-col\">\n              <\/div>\n    <\/div>\n\n       <\/div>\n    <\/div>\n  \n\n\t<section class=\"section\" id=\"section_1170925363\">\n\t\t<div class=\"bg section-bg fill bg-fill  bg-loaded\" >\n\n\t\t\t\n\t\t\t<div class=\"section-bg-overlay absolute fill\"><\/div>\n\t\t\t\n\t<div class=\"is-border\"\n\t\tstyle=\"border-width:1px 0px 1px 0px;\">\n\t<\/div>\n\n\t\t<\/div>\n\n\t\t<div class=\"section-content relative\">\n\t\t\t\n\n<div class=\"row row-large align-middle\"  id=\"row-1962020389\">\n\n\n\t<div id=\"col-258818042\" class=\"col medium-6 small-12 large-6\"  >\n\t\t<div class=\"col-inner\"  >\n\t\t\t\n\t\t\t\n\n\t<div class=\"img has-hover x md-x lg-x y md-y lg-y\" id=\"image_383034241\">\n\t\t\t\t\t\t\t\t<div class=\"img-inner box-shadow-2 dark\" >\n\t\t\t\t\t\t\t\t\t\n\t\t\t\t\t<\/div>\n\t\t\t\t\t\t\t\t\n<style>\n#image_383034241 {\n  width: 100%;\n}\n<\/style>\n\t<\/div>\n\t\n\n\t<div class=\"img has-hover x md-x lg-x y md-y lg-y\" id=\"image_334521745\">\n\t\t\t\t\t\t\t\t<div class=\"img-inner dark\" >\n\t\t\t<img width=\"1020\" height=\"615\" src=\"https:\/\/www.preprod.ibs.bzh\/www\/wp-content\/uploads\/2021\/02\/ibs-informatique-apinegoce-maintenance-quimper-1024x617.jpg\" class=\"attachment-large size-large\" alt=\"\" loading=\"lazy\" srcset=\"https:\/\/www.preprod.ibs.bzh\/www\/wp-content\/uploads\/2021\/02\/ibs-informatique-apinegoce-maintenance-quimper-1024x617.jpg 1024w, https:\/\/www.preprod.ibs.bzh\/www\/wp-content\/uploads\/2021\/02\/ibs-informatique-apinegoce-maintenance-quimper-300x181.jpg 300w, https:\/\/www.preprod.ibs.bzh\/www\/wp-content\/uploads\/2021\/02\/ibs-informatique-apinegoce-maintenance-quimper-768x463.jpg 768w, https:\/\/www.preprod.ibs.bzh\/www\/wp-content\/uploads\/2021\/02\/ibs-informatique-apinegoce-maintenance-quimper.jpg 1228w\" sizes=\"(max-width: 1020px) 100vw, 1020px\" \/>\t\t\t\t\t\t\n\t\t\t\t\t<\/div>\n\t\t\t\t\t\t\t\t\n<style>\n#image_334521745 {\n  width: 100%;\n}\n<\/style>\n\t<\/div>\n\t\n\n\n\t\t<\/div>\n\t\t\t<\/div>\n\n\t\n\n\t<div id=\"col-2079596808\" class=\"col medium-6 small-12 large-6\"  >\n\t\t<div class=\"col-inner text-left\"  >\n\t\t\t\n\t\t\t\n\n<p><strong>G\u00e9rez votre activit\u00e9<\/strong>\u00a0en toute simplicit\u00e9 : devis, commandes, facturation, gestion des stocks, statistiques\u2026<\/p>\n<p>\u2283\u00a0<strong>Facturation<\/strong>, Devis, BL, Commande\u2026<\/p>\n<p>\u2283\u00a0Gestion des\u00a0<strong>fichiers clients<\/strong>\u00a0et articles<\/p>\n<p>\u2283\u00a0Cha\u00eenes des\u00a0<strong>ventes<\/strong>\u00a0et des<strong>\u00a0achats<\/strong>\u00a0compl\u00e8tes<\/p>\n<p>\u2283\u00a0Gestion de stock en temps r\u00e9el<\/p>\n<p>\u2283\u00a0<strong>Synth\u00e8se<\/strong>\u00a0d\u2019activit\u00e9 et statistiques de\u00a0<strong>rentabilit\u00e9<\/strong><\/p>\n<p>\u2283\u00a0Transferts en\u00a0<strong>comptabilit\u00e9<\/strong>\u00a0des journaux d\u2019achats et de ventes<\/p>\n\n\t\t<\/div>\n\t\t\t<\/div>\n\n\t\n\n<\/div>\n\n\t\t<\/div>\n\n\t\t\n<style>\n#section_1170925363 {\n  padding-top: 60px;\n  padding-bottom: 60px;\n  background-color: rgb(193, 193, 193);\n}\n#section_1170925363 .section-bg-overlay {\n  background-color: rgba(255, 255, 255, 0.85);\n}\n<\/style>\n\t<\/section>\n\t\n\t<section class=\"section\" id=\"section_586650830\">\n\t\t<div class=\"bg section-bg fill bg-fill  bg-loaded\" >\n\n\t\t\t\n\t\t\t\n\t\t\t\n\n\t\t<\/div>\n\n\t\t<div class=\"section-content relative\">\n\t\t\t\n\n<div class=\"row row-large align-middle\"  id=\"row-1128857862\">\n\n\n\t<div id=\"col-756656632\" class=\"col medium-6 small-12 large-6\"  >\n\t\t<div class=\"col-inner text-left\"  >\n\t\t\t\n\t\t\t\n\n<div class=\"row\"  id=\"row-1188126925\">\n\n\n\t<div id=\"col-1409031313\" class=\"col hide-for-small medium-3 small-12 large-3\"  >\n\t\t<div class=\"col-inner\"  >\n\t\t\t\n\t\t\t\n\n\n\t\t<\/div>\n\t\t\t<\/div>\n\n\t\n\n\t<div id=\"col-929396653\" class=\"col medium-6 small-12 large-6\"  >\n\t\t<div class=\"col-inner\"  >\n\t\t\t\n\t\t\t\n\n\t<div class=\"img has-hover x md-x lg-x y md-y lg-y\" id=\"image_1153830397\">\n\t\t\t\t\t\t\t\t<div class=\"img-inner dark\" >\n\t\t\t<img width=\"280\" height=\"180\" src=\"https:\/\/www.preprod.ibs.bzh\/www\/wp-content\/uploads\/2021\/02\/ibs-informatique-sage_apinegoce-maintenance-quimper.png\" class=\"attachment-large size-large\" alt=\"\" loading=\"lazy\" \/>\t\t\t\t\t\t\n\t\t\t\t\t<\/div>\n\t\t\t\t\t\t\t\t\n<style>\n#image_1153830397 {\n  width: 100%;\n}\n<\/style>\n\t<\/div>\n\t\n\n\n\t\t<\/div>\n\t\t\t<\/div>\n\n\t\n\n\t<div id=\"col-91814065\" class=\"col hide-for-medium medium-3 small-12 large-3\"  >\n\t\t<div class=\"col-inner\"  >\n\t\t\t\n\t\t\t\n\n\n\t\t<\/div>\n\t\t\t<\/div>\n\n\t\n\n<\/div>\n<p><span style=\"color: #ffffff;\">\u2283 <strong>G\u00e9rez toutes les activit\u00e9s de votre garage<\/strong>: r\u00e9paration, carrosserie, d\u00e9pannage mais \u00e9galement pr\u00e9paration des contr\u00f4les techniques, rendez-vous, planning, pr\u00eats\u2026<\/span><\/p>\n<p><span style=\"color: #ffffff;\">\u2283 Ma\u00eetrisez votre gestion et d\u00e9clenchez votre r\u00e9ussite. <strong>Suivez les heures d\u2019ateliers<\/strong> de vos salari\u00e9s, comparez le temps pr\u00e9vu et le temps r\u00e9alis\u00e9, contr\u00f4lez votre stock de fa\u00e7on rigoureuse et efficace. Vous pouvez d\u2019autre part d\u00e9gager le b\u00e9n\u00e9fice r\u00e9alis\u00e9 par client, par pi\u00e8ce, par atelier, par repr\u00e9sentant,\u2026<\/span><\/p>\n\n\t\t<\/div>\n\t\t\t<\/div>\n\n\t\n\n\t<div id=\"col-1903607821\" class=\"col medium-6 small-12 large-6\"  >\n\t\t<div class=\"col-inner\"  >\n\t\t\t\n\t\t\t\n\n\t<div class=\"img has-hover x md-x lg-x y md-y lg-y\" id=\"image_815269756\">\n\t\t\t\t\t\t\t\t<div class=\"img-inner box-shadow-2 dark\" >\n\t\t\t\t\t\t\t\t\t\n\t\t\t\t\t<\/div>\n\t\t\t\t\t\t\t\t\n<style>\n#image_815269756 {\n  width: 100%;\n}\n<\/style>\n\t<\/div>\n\t\n\n\t<div class=\"img has-hover x md-x lg-x y md-y lg-y\" id=\"image_1066023220\">\n\t\t\t\t\t\t\t\t<div class=\"img-inner dark\" >\n\t\t\t<img width=\"250\" height=\"270\" src=\"https:\/\/www.preprod.ibs.bzh\/www\/wp-content\/uploads\/2021\/02\/sage-apinegoce-gestion-commerciale.jpg\" class=\"attachment-large size-large\" alt=\"\" loading=\"lazy\" \/>\t\t\t\t\t\t\n\t\t\t\t\t<\/div>\n\t\t\t\t\t\t\t\t\n<style>\n#image_1066023220 {\n  width: 100%;\n}\n<\/style>\n\t<\/div>\n\t\n\n\n\t\t<\/div>\n\t\t\t<\/div>\n\n\t\n\n<\/div>\n\n\t\t<\/div>\n\n\t\t\n<style>\n#section_586650830 {\n  padding-top: 60px;\n  padding-bottom: 60px;\n  background-color: rgb(0,0,0);\n}\n<\/style>\n\t<\/section>\n\t\n<div class=\"row\"  id=\"row-2028084813\">\n\n\n\t<div id=\"col-738244953\" class=\"col small-12 large-12\"  >\n\t\t<div class=\"col-inner\"  >\n\t\t\t\n\t\t\t\n\n\t<div class=\"box has-hover   has-hover box-text-bottom\" >\n\n\t\t<div class=\"box-image\" style=\"width:24%;\">\n\t\t\t\t\t\t<div class=\"\" >\n\t\t\t\t<img width=\"512\" height=\"512\" src=\"https:\/\/www.preprod.ibs.bzh\/www\/wp-content\/uploads\/2021\/02\/pdf-ibs-quimper.png\" class=\"attachment- size-\" alt=\"\" loading=\"lazy\" srcset=\"https:\/\/www.preprod.ibs.bzh\/www\/wp-content\/uploads\/2021\/02\/pdf-ibs-quimper.png 512w, https:\/\/www.preprod.ibs.bzh\/www\/wp-content\/uploads\/2021\/02\/pdf-ibs-quimper-300x300.png 300w, https:\/\/www.preprod.ibs.bzh\/www\/wp-content\/uploads\/2021\/02\/pdf-ibs-quimper-150x150.png 150w\" sizes=\"(max-width: 512px) 100vw, 512px\" \/>\t\t\t\t\t\t\t\t\t\t\t<\/div>\n\t\t\t\t\t<\/div>\n\n\t\t<div class=\"box-text text-center\" >\n\t\t\t<div class=\"box-text-inner\">\n\t\t\t\t\n\n<a href=\"http:\/\/www.preprod.ibs.bzh\/www\/wp-content\/uploads\/2020\/12\/sage-gestion-commerciale-apinegoce.pdf\" target=\"_self\" class=\"button primary\"  >\n    <span>Telecharger le PDF<\/span>\n  <\/a>\n\n\n\n\t\t\t<\/div>\n\t\t<\/div>\n\t<\/div>\n\t\n\n\t\t<\/div>\n\t\t\t<\/div>\n\n\t\n\n<\/div>\n<div class=\"message-box relative dark\" style=\"padding-top:36px;padding-bottom:36px;\"><div class=\"message-box-bg-image bg-fill fill\" ><\/div><div class=\"message-box-bg-overlay bg-fill fill\" style=\"background-color:rgb(106, 151, 182);\"><\/div><div class=\"container relative\"><div class=\"inner last-reset\">\n\n<div class=\"row align-middle\"  id=\"row-2097702169\">\n\n\n\t<div id=\"col-2075903742\" class=\"col medium-9 small-12 large-9\"  >\n\t\t<div class=\"col-inner text-right\"  >\n\t\t\t\n\t\t\t\n\n<a data-animate=\"flipInY\" href=\"http:\/\/www.preprod.ibs.bzh\/www\/contactez-nous\/\" target=\"_self\" class=\"button white is-larger\"  >\n    <span>JE DEMANDE UN DEVIS ET\/OU UN RENDEZ VOUS<\/span>\n  <i class=\"icon-checkmark\" ><\/i><\/a>\n\n\n\n\t\t<\/div>\n\t\t\t<\/div>\n\n\t\n\n<\/div>\n\n<\/div><\/div><\/div>\n\n","protected":false},"excerpt":{"rendered":"","protected":false},"author":2,"featured_media":0,"parent":0,"menu_order":0,"comment_status":"closed","ping_status":"closed","template":"page-blank.php","meta":[],"_links":{"self":[{"href":"https:\/\/www.preprod.ibs.bzh\/www\/wp-json\/wp\/v2\/pages\/616"}],"collection":[{"href":"https:\/\/www.preprod.ibs.bzh\/www\/wp-json\/wp\/v2\/pages"}],"about":[{"href":"https:\/\/www.preprod.ibs.bzh\/www\/wp-json\/wp\/v2\/types\/page"}],"author":[{"embeddable":true,"href":"https:\/\/www.preprod.ibs.bzh\/www\/wp-json\/wp\/v2\/users\/2"}],"replies":[{"embeddable":true,"href":"https:\/\/www.preprod.ibs.bzh\/www\/wp-json\/wp\/v2\/comments?post=616"}],"version-history":[{"count":8,"href":"https:\/\/www.preprod.ibs.bzh\/www\/wp-json\/wp\/v2\/pages\/616\/revisions"}],"predecessor-version":[{"id":886,"href":"https:\/\/www.preprod.ibs.bzh\/www\/wp-json\/wp\/v2\/pages\/616\/revisions\/886"}],"wp:attachment":[{"href":"https:\/\/www.preprod.ibs.bzh\/www\/wp-json\/wp\/v2\/media?parent=616"}],"curies":[{"name":"wp","href":"https:\/\/api.w.org\/{rel}","templated":true}]}}