{"id":417,"date":"2021-01-13T11:14:19","date_gmt":"2021-01-13T10:14:19","guid":{"rendered":"http:\/\/www.preprod.ibs.bzh\/www\/?page_id=417"},"modified":"2021-02-11T15:03:46","modified_gmt":"2021-02-11T14:03:46","slug":"securite","status":"publish","type":"page","link":"https:\/\/www.preprod.ibs.bzh\/www\/securite\/","title":{"rendered":"S\u00e9curit\u00e9"},"content":{"rendered":"\n\t<section class=\"section\" id=\"section_1223468202\">\n\t\t<div class=\"bg section-bg fill bg-fill  bg-loaded\" >\n\n\t\t\t\n\t\t\t\n\t\t\t\n\n\t\t<\/div>\n\n\t\t<div class=\"section-content relative\">\n\t\t\t\n\n\n  <div class=\"banner has-hover\" id=\"banner-1235916650\">\n          <div class=\"banner-inner fill\">\n        <div class=\"banner-bg fill\" >\n            <div class=\"bg fill bg-fill \"><\/div>\n                                    \n                    <\/div>\n        <div class=\"banner-layers container\">\n            <div class=\"fill banner-link\"><\/div>            \n\n   <div id=\"text-box-1690483050\" class=\"text-box banner-layer x95 md-x95 lg-x95 y85 md-y85 lg-y85 res-text\">\n                                <div class=\"text dark\">\n              \n              <div class=\"text-inner text-center\">\n                  \n\n<h2 style=\"text-align: center;\">S\u00c9CURIT\u00c9 DES DONN\u00c9ES<\/h2>\n\n              <\/div>\n           <\/div>\n                            \n<style>\n#text-box-1690483050 {\n  width: 86%;\n}\n#text-box-1690483050 .text {\n  font-size: 100%;\n}\n<\/style>\n    <\/div>\n \n\n        <\/div>\n      <\/div>\n\n            \n<style>\n#banner-1235916650 {\n  padding-top: 245px;\n}\n#banner-1235916650 .bg.bg-loaded {\n  background-image: url(https:\/\/www.preprod.ibs.bzh\/www\/wp-content\/uploads\/2021\/02\/securite-serveur-ibs-informatique-1024x692.jpg);\n}\n<\/style>\n  <\/div>\n\n\n<div class=\"row row-collapse row-full-width align-middle\"  id=\"row-1106152157\">\n\n\n\t<div id=\"col-1767417350\" class=\"col medium-12 small-12 large-6\"  >\n\t\t<div class=\"col-inner\"  >\n\t\t\t\n\t\t\t\n\n<div class=\"row\"  id=\"row-1562329919\">\n\n\n\t<div id=\"col-815920487\" class=\"col small-12 large-12\"  >\n\t\t<div class=\"col-inner\"  >\n\t\t\t\n\t\t\t\n\n<div class=\"text-center\"><div class=\"is-divider divider clearfix\" style=\"margin-top:10px;margin-bottom:10px;max-width:336px;background-color:rgb(111, 166, 212);\"><\/div><\/div>\n\n\t<div id=\"text-1084186915\" class=\"text\">\n\t\t\n\n<p>La <strong>s\u00e9curit\u00e9 informatique<\/strong>\u00a0consiste \u00e0 <strong>prot\u00e9ger un syst\u00e8me informatique<\/strong> contre <strong>toute violation<\/strong>, <strong>intrusion<\/strong>, <strong>d\u00e9gradation<\/strong>\u00a0ou <strong>vol de donn\u00e9es<\/strong> au sein du syst\u00e8me d\u2019information.<\/p>\n<p>Avec<strong> l\u2019essor d\u2019internet<\/strong>, et l\u2019utilisation par la majorit\u00e9 des entreprises et des organisation de <strong>processus informatis\u00e9s<\/strong>, les <strong>menaces<\/strong> visant les syst\u00e8mes d\u2019informations <strong>n\u2019ont cess\u00e9s d\u2019augmenter<\/strong> et de <strong>se sophistiquer<\/strong>, faisant aujourd\u2019hui de la s\u00e9curit\u00e9 informatique une <strong>n\u00e9cessit\u00e9 pour tous les types de structure<\/strong>.<\/p>\n\t\t\n<style>\n#text-1084186915 {\n  text-align: left;\n}\n<\/style>\n\t<\/div>\n\t\n<div class=\"text-center\"><div class=\"is-divider divider clearfix\" style=\"margin-top:10px;margin-bottom:10px;max-width:336px;background-color:rgb(111, 166, 212);\"><\/div><\/div>\n\n\n\t\t<\/div>\n\t\t\n<style>\n#col-815920487 > .col-inner {\n  padding: 0px 0px 0px 0px;\n  margin: 0 0px 0px 0px;\n}\n@media (min-width:550px) {\n  #col-815920487 > .col-inner {\n    margin: -111px 0px -96px 0px;\n  }\n}\n<\/style>\n\t<\/div>\n\n\t\n\n\n<style>\n#row-1562329919 > .col > .col-inner {\n  padding: 5% 5% 5% 5%;\n}\n@media (min-width:550px) {\n  #row-1562329919 > .col > .col-inner {\n    padding: 10% 10% 10% 10%;\n  }\n}\n@media (min-width:850px) {\n  #row-1562329919 > .col > .col-inner {\n    padding: 15% 15% 15% 15%;\n  }\n}\n<\/style>\n<\/div>\n\n\t\t<\/div>\n\t\t\t<\/div>\n\n\t\n\n\t<div id=\"col-1115756189\" class=\"col medium-12 small-12 large-6\"  >\n\t\t<div class=\"col-inner\"  >\n\t\t\t\n\t\t\t\n\n\n  <div class=\"banner has-hover\" id=\"banner-1087047149\">\n          <div class=\"banner-inner fill\">\n        <div class=\"banner-bg fill\" >\n            <div class=\"bg fill bg-fill \"><\/div>\n                                    \n                    <\/div>\n        <div class=\"banner-layers container\">\n            <div class=\"fill banner-link\"><\/div>            \n\n\n        <\/div>\n      <\/div>\n\n            \n<style>\n#banner-1087047149 {\n  padding-top: 50%;\n}\n#banner-1087047149 .bg.bg-loaded {\n  background-image: url(https:\/\/www.preprod.ibs.bzh\/www\/wp-content\/uploads\/2021\/02\/cyber-securite-ibs-informatique-1024x769.jpg);\n}\n@media (min-width:850px) {\n  #banner-1087047149 {\n    padding-top: 68%;\n  }\n}\n<\/style>\n  <\/div>\n\n\n\n\t\t<\/div>\n\t\t\t<\/div>\n\n\t\n\n<\/div>\n\n\t\t<\/div>\n\n\t\t\n<style>\n#section_1223468202 {\n  padding-top: 0px;\n  padding-bottom: 0px;\n}\n<\/style>\n\t<\/section>\n\t\n\t<section class=\"section\" id=\"section_2042122264\">\n\t\t<div class=\"bg section-bg fill bg-fill  bg-loaded\" >\n\n\t\t\t\n\t\t\t\n\t\t\t\n\n\t\t<\/div>\n\n\t\t<div class=\"section-content relative\">\n\t\t\t\n\n<div class=\"row row-collapse row-full-width\"  id=\"row-1576903461\">\n\n\n\t<div id=\"col-1871565556\" class=\"col medium-4 small-12 large-4\"  >\n\t\t<div class=\"col-inner\"  >\n\t\t\t\n\t\t\t\n\n\t<div class=\"box has-hover   has-hover box-shade dark box-text-bottom\" >\n\n\t\t<div class=\"box-image\" >\n\t\t\t\t\t\t<div class=\"image-overlay-add image-cover\" style=\"padding-top:120%;\">\n\t\t\t\t<img width=\"1200\" height=\"797\" src=\"https:\/\/www.preprod.ibs.bzh\/www\/wp-content\/uploads\/2021\/01\/ibs-informatique-hebergement-quimper.jpg\" class=\"attachment- size-\" alt=\"\" loading=\"lazy\" srcset=\"https:\/\/www.preprod.ibs.bzh\/www\/wp-content\/uploads\/2021\/01\/ibs-informatique-hebergement-quimper.jpg 1200w, https:\/\/www.preprod.ibs.bzh\/www\/wp-content\/uploads\/2021\/01\/ibs-informatique-hebergement-quimper-300x199.jpg 300w, https:\/\/www.preprod.ibs.bzh\/www\/wp-content\/uploads\/2021\/01\/ibs-informatique-hebergement-quimper-1024x680.jpg 1024w, https:\/\/www.preprod.ibs.bzh\/www\/wp-content\/uploads\/2021\/01\/ibs-informatique-hebergement-quimper-768x510.jpg 768w\" sizes=\"(max-width: 1200px) 100vw, 1200px\" \/>\t\t\t\t<div class=\"overlay\" style=\"background-color:rgba(0, 0, 0, 0.5)\"><\/div>\t\t\t\t<div class=\"shade\"><\/div>\t\t\t<\/div>\n\t\t\t\t\t<\/div>\n\n\t\t<div class=\"box-text text-left is-large\" style=\"padding:0px 40px 40px 40px;\">\n\t\t\t<div class=\"box-text-inner\">\n\t\t\t\t\n\n<h2>Texte contenu<\/h2>\n\n\t\t\t<\/div>\n\t\t<\/div>\n\t<\/div>\n\t\n\n\t\t<\/div>\n\t\t\t<\/div>\n\n\t\n\n\t<div id=\"col-284059585\" class=\"col medium-4 small-12 large-4\"  >\n\t\t<div class=\"col-inner\"  >\n\t\t\t\n\t\t\t\n\n\t<div class=\"box has-hover   has-hover box-shade dark box-text-bottom\" >\n\n\t\t<div class=\"box-image\" >\n\t\t\t\t\t\t<div class=\"image-overlay-add image-cover\" style=\"padding-top:120%;\">\n\t\t\t\t<img width=\"800\" height=\"1207\" src=\"https:\/\/www.preprod.ibs.bzh\/www\/wp-content\/uploads\/2021\/02\/siyan-peng-HxUemC8YhKQ-unsplash-edited.jpg\" class=\"attachment- size-\" alt=\"\" loading=\"lazy\" srcset=\"https:\/\/www.preprod.ibs.bzh\/www\/wp-content\/uploads\/2021\/02\/siyan-peng-HxUemC8YhKQ-unsplash-edited.jpg 800w, https:\/\/www.preprod.ibs.bzh\/www\/wp-content\/uploads\/2021\/02\/siyan-peng-HxUemC8YhKQ-unsplash-edited-199x300.jpg 199w, https:\/\/www.preprod.ibs.bzh\/www\/wp-content\/uploads\/2021\/02\/siyan-peng-HxUemC8YhKQ-unsplash-edited-679x1024.jpg 679w, https:\/\/www.preprod.ibs.bzh\/www\/wp-content\/uploads\/2021\/02\/siyan-peng-HxUemC8YhKQ-unsplash-edited-768x1159.jpg 768w\" sizes=\"(max-width: 800px) 100vw, 800px\" \/>\t\t\t\t<div class=\"overlay\" style=\"background-color:rgba(0, 0, 0, 0.5)\"><\/div>\t\t\t\t<div class=\"shade\"><\/div>\t\t\t<\/div>\n\t\t\t\t\t<\/div>\n\n\t\t<div class=\"box-text text-left is-large\" style=\"padding:0px 40px 40px 40px;\">\n\t\t\t<div class=\"box-text-inner\">\n\t\t\t\t\n\n<h2>Texte contenu<\/h2>\n\n\t\t\t<\/div>\n\t\t<\/div>\n\t<\/div>\n\t\n\n\t\t<\/div>\n\t\t\t<\/div>\n\n\t\n\n\t<div id=\"col-786633502\" class=\"col medium-4 small-12 large-4\"  >\n\t\t<div class=\"col-inner\"  >\n\t\t\t\n\t\t\t\n\n\t<div class=\"box has-hover   has-hover box-shade dark box-text-bottom\" >\n\n\t\t<div class=\"box-image\" >\n\t\t\t\t\t\t<div class=\"image-overlay-add image-cover\" style=\"padding-top:120%;\">\n\t\t\t\t<img width=\"800\" height=\"1058\" src=\"https:\/\/www.preprod.ibs.bzh\/www\/wp-content\/uploads\/2021\/02\/patrick-schopflin-BnlNjW3AQZ0-unsplash-edited.jpg\" class=\"attachment- size-\" alt=\"\" loading=\"lazy\" srcset=\"https:\/\/www.preprod.ibs.bzh\/www\/wp-content\/uploads\/2021\/02\/patrick-schopflin-BnlNjW3AQZ0-unsplash-edited.jpg 800w, https:\/\/www.preprod.ibs.bzh\/www\/wp-content\/uploads\/2021\/02\/patrick-schopflin-BnlNjW3AQZ0-unsplash-edited-227x300.jpg 227w, https:\/\/www.preprod.ibs.bzh\/www\/wp-content\/uploads\/2021\/02\/patrick-schopflin-BnlNjW3AQZ0-unsplash-edited-774x1024.jpg 774w, https:\/\/www.preprod.ibs.bzh\/www\/wp-content\/uploads\/2021\/02\/patrick-schopflin-BnlNjW3AQZ0-unsplash-edited-768x1016.jpg 768w\" sizes=\"(max-width: 800px) 100vw, 800px\" \/>\t\t\t\t<div class=\"overlay\" style=\"background-color:rgba(0, 0, 0, 0.5)\"><\/div>\t\t\t\t<div class=\"shade\"><\/div>\t\t\t<\/div>\n\t\t\t\t\t<\/div>\n\n\t\t<div class=\"box-text text-left is-large\" style=\"padding:0px 40px 40px 40px;\">\n\t\t\t<div class=\"box-text-inner\">\n\t\t\t\t\n\n<h2>Texte contenu<\/h2>\n\n\t\t\t<\/div>\n\t\t<\/div>\n\t<\/div>\n\t\n\n\t\t<\/div>\n\t\t\t<\/div>\n\n\t\n\n<\/div>\n\n\t\t<\/div>\n\n\t\t\n<style>\n#section_2042122264 {\n  padding-top: 0px;\n  padding-bottom: 0px;\n}\n<\/style>\n\t<\/section>\n\t\n\n","protected":false},"excerpt":{"rendered":"","protected":false},"author":1,"featured_media":0,"parent":0,"menu_order":0,"comment_status":"closed","ping_status":"closed","template":"page-blank.php","meta":[],"_links":{"self":[{"href":"https:\/\/www.preprod.ibs.bzh\/www\/wp-json\/wp\/v2\/pages\/417"}],"collection":[{"href":"https:\/\/www.preprod.ibs.bzh\/www\/wp-json\/wp\/v2\/pages"}],"about":[{"href":"https:\/\/www.preprod.ibs.bzh\/www\/wp-json\/wp\/v2\/types\/page"}],"author":[{"embeddable":true,"href":"https:\/\/www.preprod.ibs.bzh\/www\/wp-json\/wp\/v2\/users\/1"}],"replies":[{"embeddable":true,"href":"https:\/\/www.preprod.ibs.bzh\/www\/wp-json\/wp\/v2\/comments?post=417"}],"version-history":[{"count":5,"href":"https:\/\/www.preprod.ibs.bzh\/www\/wp-json\/wp\/v2\/pages\/417\/revisions"}],"predecessor-version":[{"id":892,"href":"https:\/\/www.preprod.ibs.bzh\/www\/wp-json\/wp\/v2\/pages\/417\/revisions\/892"}],"wp:attachment":[{"href":"https:\/\/www.preprod.ibs.bzh\/www\/wp-json\/wp\/v2\/media?parent=417"}],"curies":[{"name":"wp","href":"https:\/\/api.w.org\/{rel}","templated":true}]}}