{"id":412,"date":"2021-01-13T11:12:45","date_gmt":"2021-01-13T10:12:45","guid":{"rendered":"http:\/\/www.preprod.ibs.bzh\/www\/?page_id=412"},"modified":"2021-02-11T15:01:24","modified_gmt":"2021-02-11T14:01:24","slug":"administration-systeme-et-reseau","status":"publish","type":"page","link":"https:\/\/www.preprod.ibs.bzh\/www\/administration-systeme-et-reseau\/","title":{"rendered":"Administration syst\u00e8me et r\u00e9seau"},"content":{"rendered":"\n\t<section class=\"section\" id=\"section_1654864195\">\n\t\t<div class=\"bg section-bg fill bg-fill  bg-loaded\" >\n\n\t\t\t\n\t\t\t\n\t\t\t\n\n\t\t<\/div>\n\n\t\t<div class=\"section-content relative\">\n\t\t\t\n\n\n  <div class=\"banner has-hover\" id=\"banner-817719957\">\n          <div class=\"banner-inner fill\">\n        <div class=\"banner-bg fill\" >\n            <div class=\"bg fill bg-fill \"><\/div>\n                                    \n                    <\/div>\n        <div class=\"banner-layers container\">\n            <div class=\"fill banner-link\"><\/div>            \n\n   <div id=\"text-box-624356439\" class=\"text-box banner-layer x95 md-x95 lg-x95 y85 md-y85 lg-y85 res-text\">\n                                <div class=\"text dark\">\n              \n              <div class=\"text-inner text-center\">\n                  \n\n<h2 style=\"text-align: center;\">ADMINISTRATION SYST\u00c8MES ET R\u00c9SEAUX<\/h2>\n\n              <\/div>\n           <\/div>\n                            \n<style>\n#text-box-624356439 {\n  width: 86%;\n}\n#text-box-624356439 .text {\n  font-size: 100%;\n}\n<\/style>\n    <\/div>\n \n\n        <\/div>\n      <\/div>\n\n            \n<style>\n#banner-817719957 {\n  padding-top: 245px;\n}\n#banner-817719957 .bg.bg-loaded {\n  background-image: url(https:\/\/www.preprod.ibs.bzh\/www\/wp-content\/uploads\/2021\/02\/reseau-ibs-informatique-1024x341.jpg);\n}\n<\/style>\n  <\/div>\n\n\n<div class=\"row row-collapse row-full-width align-middle\"  id=\"row-2047651639\">\n\n\n\t<div id=\"col-159835650\" class=\"col medium-12 small-12 large-6\"  >\n\t\t<div class=\"col-inner\"  >\n\t\t\t\n\t\t\t\n\n<div class=\"row\"  id=\"row-941055757\">\n\n\n\t<div id=\"col-1893952291\" class=\"col small-12 large-12\"  >\n\t\t<div class=\"col-inner\"  >\n\t\t\t\n\t\t\t\n\n<div class=\"text-center\"><div class=\"is-divider divider clearfix\" style=\"margin-top:10px;margin-bottom:10px;max-width:336px;background-color:rgb(111, 166, 212);\"><\/div><\/div>\n\n<p>Afin de r\u00e9pondre \u00e0 vos besoins, IBS Informatique met \u00e0 votre service tout son savoir faire en ing\u00e9nierie syst\u00e8me et administration r\u00e9seaux pour :<\/p>\n<p>\u2283 Installer et<strong> administrer<\/strong> vos <strong>serveurs<\/strong> et vos r\u00e9seaux ethernet, wifi etc..<\/p>\n<p>\u2283 Installer et <strong>administrer<\/strong> vos <strong>postes de travail<br \/><\/strong><br \/>\u2283 Installer et <strong>configurer<\/strong> vos<strong> logiciels<\/strong> bureautique et m\u00e9tier<\/p>\n<p>\u2283 <strong>Maintenir<\/strong> en condition op\u00e9rationnelle vos <strong>syst\u00e8mes informatiques<br \/><\/strong><br \/>\u2283 <strong>S\u00e9curiser<\/strong> et prot\u00e9ger vos<strong> r\u00e9seaux<\/strong>, vos donn\u00e9es, vos<strong> sauvegardes<br \/><\/strong><br \/>\u2283 <strong>Auditer<\/strong> et optimiser vos syst\u00e8mes informatiques<\/p>\n<p>\u2283 Mettre en place et d\u00e9ployer un <strong>plan de reprise d\u2019activit\u00e9<\/strong><\/p>\n<div class=\"text-center\"><div class=\"is-divider divider clearfix\" style=\"margin-top:10px;margin-bottom:10px;max-width:336px;background-color:rgb(111, 166, 212);\"><\/div><\/div>\n\n\n\t\t<\/div>\n\t\t\n<style>\n#col-1893952291 > .col-inner {\n  padding: 0px 0px 0px 0px;\n  margin: 0 0px 0px 0px;\n}\n@media (min-width:550px) {\n  #col-1893952291 > .col-inner {\n    margin: -111px 0px -96px 0px;\n  }\n}\n<\/style>\n\t<\/div>\n\n\t\n\n\n<style>\n#row-941055757 > .col > .col-inner {\n  padding: 5% 5% 5% 5%;\n}\n@media (min-width:550px) {\n  #row-941055757 > .col > .col-inner {\n    padding: 10% 10% 10% 10%;\n  }\n}\n@media (min-width:850px) {\n  #row-941055757 > .col > .col-inner {\n    padding: 15% 15% 15% 15%;\n  }\n}\n<\/style>\n<\/div>\n\n\t\t<\/div>\n\t\t\t<\/div>\n\n\t\n\n\t<div id=\"col-1074544371\" class=\"col medium-12 small-12 large-6\"  >\n\t\t<div class=\"col-inner\"  >\n\t\t\t\n\t\t\t\n\n\n  <div class=\"banner has-hover\" id=\"banner-1543807940\">\n          <div class=\"banner-inner fill\">\n        <div class=\"banner-bg fill\" >\n            <div class=\"bg fill bg-fill \"><\/div>\n                                    \n                    <\/div>\n        <div class=\"banner-layers container\">\n            <div class=\"fill banner-link\"><\/div>            \n\n\n        <\/div>\n      <\/div>\n\n            \n<style>\n#banner-1543807940 {\n  padding-top: 50%;\n}\n#banner-1543807940 .bg.bg-loaded {\n  background-image: url(https:\/\/www.preprod.ibs.bzh\/www\/wp-content\/uploads\/2021\/02\/poste-de-travail-ibs-informatique-quimper-1024x683.jpg);\n}\n@media (min-width:850px) {\n  #banner-1543807940 {\n    padding-top: 68%;\n  }\n}\n<\/style>\n  <\/div>\n\n\n\n\t\t<\/div>\n\t\t\t<\/div>\n\n\t\n\n<\/div>\n\n\t\t<\/div>\n\n\t\t\n<style>\n#section_1654864195 {\n  padding-top: 0px;\n  padding-bottom: 0px;\n}\n<\/style>\n\t<\/section>\n\t\n\t<section class=\"section\" id=\"section_2044010630\">\n\t\t<div class=\"bg section-bg fill bg-fill  bg-loaded\" >\n\n\t\t\t\n\t\t\t\n\t\t\t\n\n\t\t<\/div>\n\n\t\t<div class=\"section-content relative\">\n\t\t\t\n\n<div class=\"row row-collapse row-full-width\"  id=\"row-1295879153\">\n\n\n\t<div id=\"col-430550383\" class=\"col medium-4 small-12 large-4\"  >\n\t\t<div class=\"col-inner\"  >\n\t\t\t\n\t\t\t\n\n\t<div class=\"box has-hover   has-hover box-shade dark box-text-bottom\" >\n\n\t\t<div class=\"box-image\" >\n\t\t\t\t\t\t<div class=\"image-overlay-add image-cover\" style=\"padding-top:120%;\">\n\t\t\t\t<img width=\"1200\" height=\"797\" src=\"https:\/\/www.preprod.ibs.bzh\/www\/wp-content\/uploads\/2021\/01\/ibs-informatique-hebergement-quimper.jpg\" class=\"attachment- size-\" alt=\"\" loading=\"lazy\" srcset=\"https:\/\/www.preprod.ibs.bzh\/www\/wp-content\/uploads\/2021\/01\/ibs-informatique-hebergement-quimper.jpg 1200w, https:\/\/www.preprod.ibs.bzh\/www\/wp-content\/uploads\/2021\/01\/ibs-informatique-hebergement-quimper-300x199.jpg 300w, https:\/\/www.preprod.ibs.bzh\/www\/wp-content\/uploads\/2021\/01\/ibs-informatique-hebergement-quimper-1024x680.jpg 1024w, https:\/\/www.preprod.ibs.bzh\/www\/wp-content\/uploads\/2021\/01\/ibs-informatique-hebergement-quimper-768x510.jpg 768w\" sizes=\"(max-width: 1200px) 100vw, 1200px\" \/>\t\t\t\t<div class=\"overlay\" style=\"background-color:rgba(0, 0, 0, 0.5)\"><\/div>\t\t\t\t<div class=\"shade\"><\/div>\t\t\t<\/div>\n\t\t\t\t\t<\/div>\n\n\t\t<div class=\"box-text text-left is-large\" style=\"padding:0px 40px 40px 40px;\">\n\t\t\t<div class=\"box-text-inner\">\n\t\t\t\t\n\n<h2>Texte contenu<\/h2>\n\n\t\t\t<\/div>\n\t\t<\/div>\n\t<\/div>\n\t\n\n\t\t<\/div>\n\t\t\t<\/div>\n\n\t\n\n\t<div id=\"col-489866137\" class=\"col medium-4 small-12 large-4\"  >\n\t\t<div class=\"col-inner\"  >\n\t\t\t\n\t\t\t\n\n\t<div class=\"box has-hover   has-hover box-shade dark box-text-bottom\" >\n\n\t\t<div class=\"box-image\" >\n\t\t\t\t\t\t<div class=\"image-overlay-add image-cover\" style=\"padding-top:120%;\">\n\t\t\t\t<img width=\"800\" height=\"1207\" src=\"https:\/\/www.preprod.ibs.bzh\/www\/wp-content\/uploads\/2021\/02\/siyan-peng-HxUemC8YhKQ-unsplash-edited.jpg\" class=\"attachment- size-\" alt=\"\" loading=\"lazy\" srcset=\"https:\/\/www.preprod.ibs.bzh\/www\/wp-content\/uploads\/2021\/02\/siyan-peng-HxUemC8YhKQ-unsplash-edited.jpg 800w, https:\/\/www.preprod.ibs.bzh\/www\/wp-content\/uploads\/2021\/02\/siyan-peng-HxUemC8YhKQ-unsplash-edited-199x300.jpg 199w, https:\/\/www.preprod.ibs.bzh\/www\/wp-content\/uploads\/2021\/02\/siyan-peng-HxUemC8YhKQ-unsplash-edited-679x1024.jpg 679w, https:\/\/www.preprod.ibs.bzh\/www\/wp-content\/uploads\/2021\/02\/siyan-peng-HxUemC8YhKQ-unsplash-edited-768x1159.jpg 768w\" sizes=\"(max-width: 800px) 100vw, 800px\" \/>\t\t\t\t<div class=\"overlay\" style=\"background-color:rgba(0, 0, 0, 0.5)\"><\/div>\t\t\t\t<div class=\"shade\"><\/div>\t\t\t<\/div>\n\t\t\t\t\t<\/div>\n\n\t\t<div class=\"box-text text-left is-large\" style=\"padding:0px 40px 40px 40px;\">\n\t\t\t<div class=\"box-text-inner\">\n\t\t\t\t\n\n<h2>Texte contenu<\/h2>\n\n\t\t\t<\/div>\n\t\t<\/div>\n\t<\/div>\n\t\n\n\t\t<\/div>\n\t\t\t<\/div>\n\n\t\n\n\t<div id=\"col-1096470113\" class=\"col medium-4 small-12 large-4\"  >\n\t\t<div class=\"col-inner\"  >\n\t\t\t\n\t\t\t\n\n\t<div class=\"box has-hover   has-hover box-shade dark box-text-bottom\" >\n\n\t\t<div class=\"box-image\" >\n\t\t\t\t\t\t<div class=\"image-overlay-add image-cover\" style=\"padding-top:120%;\">\n\t\t\t\t<img width=\"800\" height=\"1058\" src=\"https:\/\/www.preprod.ibs.bzh\/www\/wp-content\/uploads\/2021\/02\/patrick-schopflin-BnlNjW3AQZ0-unsplash-edited.jpg\" class=\"attachment- size-\" alt=\"\" loading=\"lazy\" srcset=\"https:\/\/www.preprod.ibs.bzh\/www\/wp-content\/uploads\/2021\/02\/patrick-schopflin-BnlNjW3AQZ0-unsplash-edited.jpg 800w, https:\/\/www.preprod.ibs.bzh\/www\/wp-content\/uploads\/2021\/02\/patrick-schopflin-BnlNjW3AQZ0-unsplash-edited-227x300.jpg 227w, https:\/\/www.preprod.ibs.bzh\/www\/wp-content\/uploads\/2021\/02\/patrick-schopflin-BnlNjW3AQZ0-unsplash-edited-774x1024.jpg 774w, https:\/\/www.preprod.ibs.bzh\/www\/wp-content\/uploads\/2021\/02\/patrick-schopflin-BnlNjW3AQZ0-unsplash-edited-768x1016.jpg 768w\" sizes=\"(max-width: 800px) 100vw, 800px\" \/>\t\t\t\t<div class=\"overlay\" style=\"background-color:rgba(0, 0, 0, 0.5)\"><\/div>\t\t\t\t<div class=\"shade\"><\/div>\t\t\t<\/div>\n\t\t\t\t\t<\/div>\n\n\t\t<div class=\"box-text text-left is-large\" style=\"padding:0px 40px 40px 40px;\">\n\t\t\t<div class=\"box-text-inner\">\n\t\t\t\t\n\n<h2>Texte contenu<\/h2>\n\n\t\t\t<\/div>\n\t\t<\/div>\n\t<\/div>\n\t\n\n\t\t<\/div>\n\t\t\t<\/div>\n\n\t\n\n<\/div>\n\n\t\t<\/div>\n\n\t\t\n<style>\n#section_2044010630 {\n  padding-top: 0px;\n  padding-bottom: 0px;\n}\n<\/style>\n\t<\/section>\n\t\n\t<section class=\"section\" id=\"section_844804435\">\n\t\t<div class=\"bg section-bg fill bg-fill  bg-loaded\" >\n\n\t\t\t\n\t\t\t\n\t\t\t\n\n\t\t<\/div>\n\n\t\t<div class=\"section-content relative\">\n\t\t\t\n\n\n\t\t<\/div>\n\n\t\t\n<style>\n#section_844804435 {\n  padding-top: 0px;\n  padding-bottom: 0px;\n}\n<\/style>\n\t<\/section>\n\t\n\n","protected":false},"excerpt":{"rendered":"","protected":false},"author":1,"featured_media":0,"parent":0,"menu_order":0,"comment_status":"closed","ping_status":"closed","template":"page-blank.php","meta":[],"_links":{"self":[{"href":"https:\/\/www.preprod.ibs.bzh\/www\/wp-json\/wp\/v2\/pages\/412"}],"collection":[{"href":"https:\/\/www.preprod.ibs.bzh\/www\/wp-json\/wp\/v2\/pages"}],"about":[{"href":"https:\/\/www.preprod.ibs.bzh\/www\/wp-json\/wp\/v2\/types\/page"}],"author":[{"embeddable":true,"href":"https:\/\/www.preprod.ibs.bzh\/www\/wp-json\/wp\/v2\/users\/1"}],"replies":[{"embeddable":true,"href":"https:\/\/www.preprod.ibs.bzh\/www\/wp-json\/wp\/v2\/comments?post=412"}],"version-history":[{"count":13,"href":"https:\/\/www.preprod.ibs.bzh\/www\/wp-json\/wp\/v2\/pages\/412\/revisions"}],"predecessor-version":[{"id":889,"href":"https:\/\/www.preprod.ibs.bzh\/www\/wp-json\/wp\/v2\/pages\/412\/revisions\/889"}],"wp:attachment":[{"href":"https:\/\/www.preprod.ibs.bzh\/www\/wp-json\/wp\/v2\/media?parent=412"}],"curies":[{"name":"wp","href":"https:\/\/api.w.org\/{rel}","templated":true}]}}