{"id":101,"date":"2020-11-17T14:35:55","date_gmt":"2020-11-17T13:35:55","guid":{"rendered":"http:\/\/www.preprod.ibs.bzh\/www\/?page_id=101"},"modified":"2021-02-11T15:00:16","modified_gmt":"2021-02-11T14:00:16","slug":"assistance","status":"publish","type":"page","link":"https:\/\/www.preprod.ibs.bzh\/www\/assistance\/","title":{"rendered":"Assistance"},"content":{"rendered":"\n<div class=\"slider-wrapper relative\" id=\"slider-1861888107\" >\n    <div class=\"slider slider-nav-circle slider-nav-large slider-nav-light slider-style-normal\"\n        data-flickity-options='{\n            \"cellAlign\": \"center\",\n            \"imagesLoaded\": true,\n            \"lazyLoad\": 1,\n            \"freeScroll\": false,\n            \"wrapAround\": true,\n            \"autoPlay\": 6000,\n            \"pauseAutoPlayOnHover\" : true,\n            \"prevNextButtons\": true,\n            \"contain\" : true,\n            \"adaptiveHeight\" : true,\n            \"dragThreshold\" : 10,\n            \"percentPosition\": true,\n            \"pageDots\": true,\n            \"rightToLeft\": false,\n            \"draggable\": true,\n            \"selectedAttraction\": 0.1,\n            \"parallax\" : 0,\n            \"friction\": 0.6        }'\n        >\n        \n\n\n  <div class=\"banner has-hover\" id=\"banner-1343822218\">\n          <div class=\"banner-inner fill\">\n        <div class=\"banner-bg fill\" >\n            <div class=\"bg fill bg-fill \"><\/div>\n                                    \n                    <\/div>\n        <div class=\"banner-layers container\">\n            <div class=\"fill banner-link\"><\/div>            \n\n   <div id=\"text-box-1900995522\" class=\"text-box banner-layer x50 md-x50 lg-x50 y95 md-y5 lg-y5 res-text\">\n              <div data-parallax=\"-3\" data-parallax-fade=\"true\">                  <div class=\"text \">\n              \n              <div class=\"text-inner text-left\">\n                  \n\n<h3 class=\"uppercase\" style=\"text-align: center;\"><span data-text-color=\"primary\"><strong>ASSISTANCE<\/strong><\/span><\/h3>\n\n              <\/div>\n           <\/div>\n              <\/div>              \n<style>\n#text-box-1900995522 .text {\n  background-color: rgba(255, 255, 255, 0.65);\n  font-size: 100%;\n}\n#text-box-1900995522 .text-inner {\n  padding: 30px 30px 30px 30px;\n}\n#text-box-1900995522 {\n  width: 90%;\n}\n@media (min-width:550px) {\n  #text-box-1900995522 {\n    width: 44%;\n  }\n}\n<\/style>\n    <\/div>\n \n\n        <\/div>\n      <\/div>\n\n            \n<style>\n#banner-1343822218 {\n  padding-top: 250px;\n}\n#banner-1343822218 .bg.bg-loaded {\n  background-image: url(https:\/\/www.preprod.ibs.bzh\/www\/wp-content\/uploads\/2021\/01\/metiers-du-batiment-ibs-informatique-quimper.jpg);\n}\n#banner-1343822218 .bg {\n  background-position: 62% 60%;\n}\n@media (min-width:550px) {\n  #banner-1343822218 {\n    padding-top: 400px;\n  }\n}\n<\/style>\n  <\/div>\n\n\n\n  <div class=\"banner has-hover\" id=\"banner-1509341494\">\n          <div class=\"banner-inner fill\">\n        <div class=\"banner-bg fill\" >\n            <div class=\"bg fill bg-fill \"><\/div>\n                                    \n                    <\/div>\n        <div class=\"banner-layers container\">\n            <div class=\"fill banner-link\"><\/div>            \n\n   <div id=\"text-box-892157972\" class=\"text-box banner-layer x5 md-x5 lg-x5 y90 md-y50 lg-y50 res-text\">\n                                <div class=\"text box-shadow-1\">\n              \n              <div class=\"text-inner text-left\">\n                  \n\n<h6>A smaller header<\/h6>\n<h3 class=\"uppercase\">Add Some Corporate Header Here<\/h3>\n<p>Lorem ipsum dolor sit amet, consectetuer adipiscing elit, sed diam nonummy nibh euismod tincidunt ut laoreet dolore magna aliquam erat volutpat&#8230;.<\/p>\n<a class=\"button primary\"  >\n    <span>A button<\/span>\n  <\/a>\n\n\n\n              <\/div>\n           <\/div>\n                            \n<style>\n#text-box-892157972 .text {\n  background-color: rgba(255, 255, 255, 0.94);\n  font-size: 100%;\n}\n#text-box-892157972 .text-inner {\n  padding: 30px 30px 30px 30px;\n}\n#text-box-892157972 {\n  width: 88%;\n}\n@media (min-width:550px) {\n  #text-box-892157972 {\n    width: 50%;\n  }\n}\n<\/style>\n    <\/div>\n \n\n        <\/div>\n      <\/div>\n\n            \n<style>\n#banner-1509341494 {\n  padding-top: 637px;\n}\n#banner-1509341494 .bg.bg-loaded {\n  background-image: 7232;\n}\n#banner-1509341494 .bg {\n  background-position: 62% 68%;\n}\n<\/style>\n  <\/div>\n\n\n\n     <\/div>\n\n     <div class=\"loading-spin dark large centered\"><\/div>\n\n     <\/div>\n\n\n\t<section class=\"section\" id=\"section_1185477432\">\n\t\t<div class=\"bg section-bg fill bg-fill  bg-loaded\" >\n\n\t\t\t\n\t\t\t<div class=\"section-bg-overlay absolute fill\"><\/div>\n\t\t\t\n\t<div class=\"is-border\"\n\t\tstyle=\"border-width:1px 0px 1px 0px;\">\n\t<\/div>\n\n\t\t<\/div>\n\n\t\t<div class=\"section-content relative\">\n\t\t\t\n\n<div class=\"row row-large align-middle\"  id=\"row-1638624631\">\n\n\n\t<div id=\"col-842852123\" class=\"col medium-6 small-12 large-6\"  >\n\t\t<div class=\"col-inner\"  >\n\t\t\t\n\t\t\t\n\n\t<div class=\"img has-hover x md-x lg-x y md-y lg-y\" id=\"image_15878547\">\n\t\t\t\t\t\t\t\t<div class=\"img-inner box-shadow-2 dark\" >\n\t\t\t\t\t\t\t\t\t\n\t\t\t\t\t<\/div>\n\t\t\t\t\t\t\t\t\n<style>\n#image_15878547 {\n  width: 100%;\n}\n<\/style>\n\t<\/div>\n\t\n\n\t<div class=\"img has-hover x md-x lg-x y md-y lg-y\" id=\"image_639437399\">\n\t\t\t\t\t\t\t\t<div class=\"img-inner dark\" >\n\t\t\t<img width=\"1020\" height=\"720\" src=\"https:\/\/www.preprod.ibs.bzh\/www\/wp-content\/uploads\/2020\/12\/IBS-informatique-LOGO-noir-1024x723.png\" class=\"attachment-large size-large\" alt=\"\" loading=\"lazy\" srcset=\"https:\/\/www.preprod.ibs.bzh\/www\/wp-content\/uploads\/2020\/12\/IBS-informatique-LOGO-noir-1024x723.png 1024w, https:\/\/www.preprod.ibs.bzh\/www\/wp-content\/uploads\/2020\/12\/IBS-informatique-LOGO-noir-300x212.png 300w, https:\/\/www.preprod.ibs.bzh\/www\/wp-content\/uploads\/2020\/12\/IBS-informatique-LOGO-noir-768x542.png 768w, https:\/\/www.preprod.ibs.bzh\/www\/wp-content\/uploads\/2020\/12\/IBS-informatique-LOGO-noir-1536x1084.png 1536w, https:\/\/www.preprod.ibs.bzh\/www\/wp-content\/uploads\/2020\/12\/IBS-informatique-LOGO-noir-2048x1446.png 2048w, https:\/\/www.preprod.ibs.bzh\/www\/wp-content\/uploads\/2020\/12\/IBS-informatique-LOGO-noir-1080x762.png 1080w, https:\/\/www.preprod.ibs.bzh\/www\/wp-content\/uploads\/2020\/12\/IBS-informatique-LOGO-noir-1280x904.png 1280w, https:\/\/www.preprod.ibs.bzh\/www\/wp-content\/uploads\/2020\/12\/IBS-informatique-LOGO-noir-980x692.png 980w, https:\/\/www.preprod.ibs.bzh\/www\/wp-content\/uploads\/2020\/12\/IBS-informatique-LOGO-noir-480x339.png 480w\" sizes=\"(max-width: 1020px) 100vw, 1020px\" \/>\t\t\t\t\t\t\n\t\t\t\t\t<\/div>\n\t\t\t\t\t\t\t\t\n<style>\n#image_639437399 {\n  width: 100%;\n}\n<\/style>\n\t<\/div>\n\t\n\n\n\t\t<\/div>\n\t\t\t<\/div>\n\n\t\n\n\t<div id=\"col-1519962282\" class=\"col medium-6 small-12 large-6\"  >\n\t\t<div class=\"col-inner text-left\"  >\n\t\t\t\n\t\t\t\n\n<p>De la mise en \u0153uvre du logiciel, et au-del\u00e0 des prestations\u00a0 de formation et d\u2019assistance au d\u00e9marrage, nous vous proposons\u00a0 une assistance t\u00e9l\u00e9phonique pour tout probl\u00e8me relatif \u00e0 l\u2019exploitation des applications.<\/p>\n<p>Un \u00e9quipe technique vous guidera par\u00a0<strong>t\u00e9l\u00e9phone<\/strong>\u00a0ainsi que par le biais d\u2019une<strong> t\u00e9l\u00e9maintenance.<\/strong><\/p>\n\n\t\t<\/div>\n\t\t\t<\/div>\n\n\t\n\n<\/div>\n\n\t\t<\/div>\n\n\t\t\n<style>\n#section_1185477432 {\n  padding-top: 60px;\n  padding-bottom: 60px;\n  background-color: rgb(193, 193, 193);\n}\n#section_1185477432 .section-bg-overlay {\n  background-color: rgba(255, 255, 255, 0.85);\n}\n<\/style>\n\t<\/section>\n\t\n\t<section class=\"section\" id=\"section_2135453444\">\n\t\t<div class=\"bg section-bg fill bg-fill  bg-loaded\" >\n\n\t\t\t\n\t\t\t<div class=\"section-bg-overlay absolute fill\"><\/div>\n\t\t\t\n\n\t\t<\/div>\n\n\t\t<div class=\"section-content relative\">\n\t\t\t\n\n<div class=\"row row-large align-middle\"  id=\"row-1871556992\">\n\n\n\t<div id=\"col-1830119832\" class=\"col medium-6 small-12 large-6\"  >\n\t\t<div class=\"col-inner text-left\"  >\n\t\t\t\n\t\t\t\n\n<p>\u2283 Vous cr\u00e9ez vos documents en quelques clics gr\u00e2ce aux <strong>imports de lignes<\/strong>, de tranches et aux fonctions de copier\/coller de lignes, de tranches, voire de devis entiers.<\/p>\n<p>\u2283 Les mod\u00e8les d\u2019\u00e9dition fournis en standard renvoient une image professionnelle de votre entreprise avec <strong>votre logo<\/strong> et des images ins\u00e9r\u00e9es dans le corps de vos documents.<\/p>\n\n\t\t<\/div>\n\t\t\t<\/div>\n\n\t\n\n\t<div id=\"col-362431483\" class=\"col medium-6 small-12 large-6\"  >\n\t\t<div class=\"col-inner\"  >\n\t\t\t\n\t\t\t\n\n\t<div class=\"img has-hover x md-x lg-x y md-y lg-y\" id=\"image_2007943935\">\n\t\t\t\t\t\t\t\t<div class=\"img-inner box-shadow-2 dark\" >\n\t\t\t\t\t\t\t\t\t\n\t\t\t\t\t<\/div>\n\t\t\t\t\t\t\t\t\n<style>\n#image_2007943935 {\n  width: 100%;\n}\n<\/style>\n\t<\/div>\n\t\n\n\t<div class=\"img has-hover x md-x lg-x y md-y lg-y\" id=\"image_2061404363\">\n\t\t\t\t\t\t\t\t<div class=\"img-inner dark\" >\n\t\t\t<img width=\"850\" height=\"567\" src=\"https:\/\/www.preprod.ibs.bzh\/www\/wp-content\/uploads\/2020\/11\/IBS-informatique-LOGO-basse-def-jpeg.jpg\" class=\"attachment-large size-large\" alt=\"\" loading=\"lazy\" srcset=\"https:\/\/www.preprod.ibs.bzh\/www\/wp-content\/uploads\/2020\/11\/IBS-informatique-LOGO-basse-def-jpeg.jpg 850w, https:\/\/www.preprod.ibs.bzh\/www\/wp-content\/uploads\/2020\/11\/IBS-informatique-LOGO-basse-def-jpeg-300x200.jpg 300w, https:\/\/www.preprod.ibs.bzh\/www\/wp-content\/uploads\/2020\/11\/IBS-informatique-LOGO-basse-def-jpeg-768x512.jpg 768w\" sizes=\"(max-width: 850px) 100vw, 850px\" \/>\t\t\t\t\t\t\n\t\t\t\t\t<\/div>\n\t\t\t\t\t\t\t\t\n<style>\n#image_2061404363 {\n  width: 100%;\n}\n<\/style>\n\t<\/div>\n\t\n\n\n\t\t<\/div>\n\t\t\t<\/div>\n\n\t\n\n<\/div>\n\n\t\t<\/div>\n\n\t\t\n<style>\n#section_2135453444 {\n  padding-top: 60px;\n  padding-bottom: 60px;\n  background-color: rgb(255, 255, 255);\n}\n#section_2135453444 .section-bg-overlay {\n  background-color: rgba(255, 255, 255, 0.85);\n}\n<\/style>\n\t<\/section>\n\t\n<div class=\"row\"  id=\"row-581494073\">\n\n\n\t<div id=\"col-703612984\" class=\"col hide-for-small medium-3 small-12 large-3\"  >\n\t\t<div class=\"col-inner\"  >\n\t\t\t\n\t\t\t\n\n\n\t\t<\/div>\n\t\t\t<\/div>\n\n\t\n\n\t<div id=\"col-1419141972\" class=\"col medium-6 small-12 large-6\"  >\n\t\t<div class=\"col-inner\"  >\n\t\t\t\n\t\t\t\n\n\t<div class=\"box has-hover   has-hover box-text-bottom\" >\n\n\t\t<div class=\"box-image\" style=\"width:24%;\">\n\t\t\t\t\t\t<div class=\"\" >\n\t\t\t\t<img width=\"512\" height=\"512\" src=\"https:\/\/www.preprod.ibs.bzh\/www\/wp-content\/uploads\/2021\/02\/pdf-ibs-quimper.png\" class=\"attachment- size-\" alt=\"\" loading=\"lazy\" srcset=\"https:\/\/www.preprod.ibs.bzh\/www\/wp-content\/uploads\/2021\/02\/pdf-ibs-quimper.png 512w, https:\/\/www.preprod.ibs.bzh\/www\/wp-content\/uploads\/2021\/02\/pdf-ibs-quimper-300x300.png 300w, https:\/\/www.preprod.ibs.bzh\/www\/wp-content\/uploads\/2021\/02\/pdf-ibs-quimper-150x150.png 150w\" sizes=\"(max-width: 512px) 100vw, 512px\" \/>\t\t\t\t\t\t\t\t\t\t\t<\/div>\n\t\t\t\t\t<\/div>\n\n\t\t<div class=\"box-text text-center\" >\n\t\t\t<div class=\"box-text-inner\">\n\t\t\t\t\n\n<a href=\"http:\/\/www.preprod.ibs.bzh\/www\/wp-content\/uploads\/2020\/12\/plaquette-batigesti7-apibatiment.pdf\" target=\"_self\" class=\"button primary\"  >\n    <span>Telecharger le PDF<\/span>\n  <\/a>\n\n\n\n\t\t\t<\/div>\n\t\t<\/div>\n\t<\/div>\n\t\n\n\t\t<\/div>\n\t\t\t<\/div>\n\n\t\n\n\t<div id=\"col-1839234763\" class=\"col hide-for-small medium-3 small-12 large-3\"  >\n\t\t<div class=\"col-inner\"  >\n\t\t\t\n\t\t\t\n\n\n\t\t<\/div>\n\t\t\t<\/div>\n\n\t\n\n<\/div>\n<div class=\"message-box relative dark\" style=\"padding-top:36px;padding-bottom:36px;\"><div class=\"message-box-bg-image bg-fill fill\" ><\/div><div class=\"message-box-bg-overlay bg-fill fill\" style=\"background-color:rgb(106, 151, 182);\"><\/div><div class=\"container relative\"><div class=\"inner last-reset\">\n\n<div class=\"row align-middle\"  id=\"row-889838434\">\n\n\n\t<div id=\"col-1162733387\" class=\"col medium-10 small-12 large-10\"  >\n\t\t<div class=\"col-inner text-right\"  >\n\t\t\t\n\t\t\t\n\n<a data-animate=\"flipInY\" href=\"http:\/\/www.preprod.ibs.bzh\/www\/contactez-nous\/\" target=\"_self\" class=\"button white is-larger\"  >\n    <span>JE DEMANDE UN DEVIS ET\/OU UN RENDEZ VOUS<\/span>\n  <i class=\"icon-checkmark\" ><\/i><\/a>\n\n\n\n\t\t<\/div>\n\t\t\t<\/div>\n\n\t\n\n<\/div>\n\n<\/div><\/div><\/div>\n\n","protected":false},"excerpt":{"rendered":"","protected":false},"author":2,"featured_media":0,"parent":0,"menu_order":0,"comment_status":"closed","ping_status":"closed","template":"page-blank.php","meta":[],"_links":{"self":[{"href":"https:\/\/www.preprod.ibs.bzh\/www\/wp-json\/wp\/v2\/pages\/101"}],"collection":[{"href":"https:\/\/www.preprod.ibs.bzh\/www\/wp-json\/wp\/v2\/pages"}],"about":[{"href":"https:\/\/www.preprod.ibs.bzh\/www\/wp-json\/wp\/v2\/types\/page"}],"author":[{"embeddable":true,"href":"https:\/\/www.preprod.ibs.bzh\/www\/wp-json\/wp\/v2\/users\/2"}],"replies":[{"embeddable":true,"href":"https:\/\/www.preprod.ibs.bzh\/www\/wp-json\/wp\/v2\/comments?post=101"}],"version-history":[{"count":15,"href":"https:\/\/www.preprod.ibs.bzh\/www\/wp-json\/wp\/v2\/pages\/101\/revisions"}],"predecessor-version":[{"id":888,"href":"https:\/\/www.preprod.ibs.bzh\/www\/wp-json\/wp\/v2\/pages\/101\/revisions\/888"}],"wp:attachment":[{"href":"https:\/\/www.preprod.ibs.bzh\/www\/wp-json\/wp\/v2\/media?parent=101"}],"curies":[{"name":"wp","href":"https:\/\/api.w.org\/{rel}","templated":true}]}}